{"id":131,"date":"2014-06-25T16:37:21","date_gmt":"2014-06-25T16:37:21","guid":{"rendered":"https:\/\/rudolph-richter.de\/fliesenhandel\/?page_id=131"},"modified":"2015-10-06T23:56:28","modified_gmt":"2015-10-06T23:56:28","slug":"fliesenhandel-iserlohn","status":"publish","type":"page","link":"https:\/\/rudolph-richter.de\/fliesenhandel\/standort-iserlohn\/fliesenhandel-iserlohn\/","title":{"rendered":"Fliesen-Ausstellung Iserlohn"},"content":{"rendered":"<p>[et_pb_section background_color=&#8220;#020202&#8243; inner_shadow=&#8220;off&#8220; parallax=&#8220;off&#8220; parallax_method=&#8220;css&#8220;][et_pb_row][et_pb_column type=&#8220;1_2&#8243;][et_pb_image admin_label=&#8220;Image&#8220; src=&#8220;https:\/\/rudolph-richter.de\/fliesenhandel\/wp-content\/uploads\/2014\/06\/fliesenhandel_iserlohn_richter_ausstellung.jpg&#8220; show_in_lightbox=&#8220;off&#8220; url_new_window=&#8220;off&#8220; animation=&#8220;left&#8220; \/][\/et_pb_column][et_pb_column type=&#8220;1_2&#8243;][et_pb_text admin_label=&#8220;Text&#8220; background_layout=&#8220;dark&#8220; text_orientation=&#8220;left&#8220;]<\/p>\n<p>Unsere Ausstellung in Iserlohn im Gewerbegebiet Iserlohner Heide ist mit einer reichhaltigen Auswahl moderner und klassischer Fliesen f\u00fcr Bad, K\u00fcche, Wohnzimmer und Outdoor-Fliesen f\u00fcr Terrasse und Balkon ausgestattet.<\/p>\n<p>Lassen Sie sich von zahlreichen Mustern f\u00fcr Bodenfliesen, Wandfliesen oder Mosaik f\u00fcr ihr neues Bad inspirieren. Das Breit aufgestellte Angebot gibt viel Raum f\u00fcr eine wirklich individuelle Gestaltung von Wohnr\u00e4umen, Terrasse oder Balkon.<\/p>\n<p>[\/et_pb_text][\/et_pb_column][\/et_pb_row][et_pb_row][et_pb_column type=&#8220;4_4&#8243;][et_pb_divider admin_label=&#8220;Divider&#8220; color=&#8220;#565656&#8243; show_divider=&#8220;on&#8220; height=&#8220;1&#8243; \/][\/et_pb_column][\/et_pb_row][et_pb_row][et_pb_column type=&#8220;1_3&#8243;][et_pb_image admin_label=&#8220;Image&#8220; src=&#8220;https:\/\/rudolph-richter.de\/fliesenhandel\/wp-content\/uploads\/2014\/06\/fliesenausstellung_iserlohn_hochwertige_fliesen.jpg&#8220; show_in_lightbox=&#8220;on&#8220; url_new_window=&#8220;off&#8220; animation=&#8220;left&#8220; \/][et_pb_text admin_label=&#8220;Text&#8220; background_layout=&#8220;dark&#8220; text_orientation=&#8220;left&#8220;]<\/p>\n<p>Mit zeitgem\u00e4\u00dfen Wandfliesen setzen Sie farbliche Akzente &#8211; nicht nur im Bad oder G\u00e4ste-WC.<\/p>\n<p>[\/et_pb_text][\/et_pb_column][et_pb_column type=&#8220;1_3&#8243;][et_pb_image admin_label=&#8220;Image&#8220; src=&#8220;https:\/\/rudolph-richter.de\/fliesenhandel\/wp-content\/uploads\/2014\/06\/fliesenausstellung_iserlohn_wandfliesen.jpg&#8220; show_in_lightbox=&#8220;off&#8220; url_new_window=&#8220;off&#8220; animation=&#8220;left&#8220; \/][et_pb_text admin_label=&#8220;Text&#8220; background_layout=&#8220;dark&#8220; text_orientation=&#8220;left&#8220;]<\/p>\n<p>Unsere Auswahl gro\u00dfformatiger Fliesen f\u00fcr Wohnzimmer, Esszimmer K\u00fcche und Bad liefern Ihnen Ideen und Spielraum f\u00fcr eine individuelle Wohnraumgestaltung.<\/p>\n<p>[\/et_pb_text][\/et_pb_column][et_pb_column type=&#8220;1_3&#8243;][et_pb_image admin_label=&#8220;Image&#8220; src=&#8220;https:\/\/rudolph-richter.de\/fliesenhandel\/wp-content\/uploads\/2014\/06\/fliesenausstellung_iserlohn_bodenfliesen.jpg&#8220; show_in_lightbox=&#8220;off&#8220; url_new_window=&#8220;off&#8220; animation=&#8220;left&#8220; \/][et_pb_text admin_label=&#8220;Text&#8220; background_layout=&#8220;dark&#8220; text_orientation=&#8220;left&#8220;]<\/p>\n<p>Mit modernen Wand- und Bodenfliesen lassen sich Bereiche mit Kaminen und \u00d6fen sicher und behaglich gestalten. Auch bei der Auswahl geeigneter Keramiken zur Nutzung mit Fu\u00dfbodenheizung beraten wir Sie gerne.<\/p>\n<p>[\/et_pb_text][\/et_pb_column][\/et_pb_row][et_pb_row][et_pb_column type=&#8220;4_4&#8243;][et_pb_divider admin_label=&#8220;Divider&#8220; color=&#8220;#5b5b5b&#8220; show_divider=&#8220;on&#8220; height=&#8220;1&#8243; \/][\/et_pb_column][\/et_pb_row][\/et_pb_section]<\/p>\n","protected":false},"excerpt":{"rendered":"<p><div class=\"et_pb_row et_pb_row_0 et_pb_row_empty\">\n\t\t\t\t\n\t\t\t\t\n\t\t\t\t\n\t\t\t\t\n\t\t\t\t\n\t\t\t<\/div> Unsere Ausstellung in Iserlohn im Gewerbegebiet Iserlohner Heide ist mit einer reichhaltigen Auswahl moderner und klassischer Fliesen f\u00fcr Bad, K\u00fcche, Wohnzimmer und Outdoor-Fliesen f\u00fcr Terrasse und Balkon ausgestattet. Lassen Sie sich von zahlreichen Mustern f\u00fcr Bodenfliesen, Wandfliesen oder Mosaik f\u00fcr ihr neues Bad inspirieren. Das Breit aufgestellte Angebot gibt viel Raum f\u00fcr eine wirklich [&hellip;]<\/p>\n","protected":false},"author":1,"featured_media":0,"parent":47,"menu_order":0,"comment_status":"open","ping_status":"open","template":"","meta":{"_et_pb_use_builder":"on","_et_pb_old_content":"","_et_gb_content_width":"","footnotes":""},"class_list":["post-131","page","type-page","status-publish","hentry"],"_links":{"self":[{"href":"https:\/\/rudolph-richter.de\/fliesenhandel\/wp-json\/wp\/v2\/pages\/131","targetHints":{"allow":["GET"]}}],"collection":[{"href":"https:\/\/rudolph-richter.de\/fliesenhandel\/wp-json\/wp\/v2\/pages"}],"about":[{"href":"https:\/\/rudolph-richter.de\/fliesenhandel\/wp-json\/wp\/v2\/types\/page"}],"author":[{"embeddable":true,"href":"https:\/\/rudolph-richter.de\/fliesenhandel\/wp-json\/wp\/v2\/users\/1"}],"replies":[{"embeddable":true,"href":"https:\/\/rudolph-richter.de\/fliesenhandel\/wp-json\/wp\/v2\/comments?post=131"}],"version-history":[{"count":22,"href":"https:\/\/rudolph-richter.de\/fliesenhandel\/wp-json\/wp\/v2\/pages\/131\/revisions"}],"predecessor-version":[{"id":530,"href":"https:\/\/rudolph-richter.de\/fliesenhandel\/wp-json\/wp\/v2\/pages\/131\/revisions\/530"}],"up":[{"embeddable":true,"href":"https:\/\/rudolph-richter.de\/fliesenhandel\/wp-json\/wp\/v2\/pages\/47"}],"wp:attachment":[{"href":"https:\/\/rudolph-richter.de\/fliesenhandel\/wp-json\/wp\/v2\/media?parent=131"}],"curies":[{"name":"wp","href":"https:\/\/api.w.org\/{rel}","templated":true}]}}