{"id":221,"date":"2014-10-17T17:04:35","date_gmt":"2014-10-17T17:04:35","guid":{"rendered":"https:\/\/rudolph-richter.de\/fliesenhandel\/?page_id=221"},"modified":"2026-03-08T15:41:00","modified_gmt":"2026-03-08T15:41:00","slug":"ausstellung-essen","status":"publish","type":"page","link":"https:\/\/rudolph-richter.de\/fliesenhandel\/standort-essen\/ausstellung-essen\/","title":{"rendered":"Ausstellung Essen"},"content":{"rendered":"<p>[et_pb_section fb_built=&#8220;1&#8243; _builder_version=&#8220;4.27.4&#8243; background_color=&#8220;#FFFFFF&#8220; transparent_background=&#8220;off&#8220; global_colors_info=&#8220;{}&#8220;][et_pb_row _builder_version=&#8220;4.27.4&#8243; background_color=&#8220;#FFFFFF&#8220; background_size=&#8220;initial&#8220; background_position=&#8220;top_left&#8220; background_repeat=&#8220;repeat&#8220; global_colors_info=&#8220;{}&#8220;][et_pb_column type=&#8220;4_4&#8243; _builder_version=&#8220;4.16&#8243; custom_padding=&#8220;|||&#8220; global_colors_info=&#8220;{}&#8220; custom_padding__hover=&#8220;|||&#8220;][et_pb_text admin_label=&#8220;Text&#8220; _builder_version=&#8220;4.27.4&#8243; text_font=&#8220;Arial||||||||&#8220; text_text_color=&#8220;#000000&#8243; header_font=&#8220;Arial||||||||&#8220; background_size=&#8220;initial&#8220; background_position=&#8220;top_left&#8220; background_repeat=&#8220;repeat&#8220; background_layout=&#8220;dark&#8220; global_colors_info=&#8220;{}&#8220;]<\/p>\n<h1><span style=\"color: #333333;\">Rudolph Richter Fliesenhandel in Essen im Ruhrgebiet<\/span><\/h1>\n<p class=\"isSelectedEnd\"><span style=\"color: #333333;\">Rudolph Richter Fliesenhandel in Essen ist Ihre erste Adresse f\u00fcr aktuelle Fliesen im Ruhrgebiet. Ob f\u00fcr Neubau, Renovierung oder Modernisierung \u2013 bei uns finden private Bauherren, Handwerksbetriebe und Architekten eine gro\u00dfe Auswahl an modernen Wand- und Bodenfliesen f\u00fcr jeden Wohnstil. Wir befinden uns in der Alten Bottroper Stra\u00dfe 43 im Stadtteil Bergeborbeck im Norden der Metropole im Ruhrgebiet. Dank der zentralen Lage der Filiale ist Rudolph Richter aus vielen St\u00e4dten der Region schnell und bequem erreichbar \u2013 unter anderem aus Bochum, Bottrop, Duisburg, Dorsten, Gladbeck, Oberhausen, M\u00fclheim an der Ruhr und Gelsenkirchen.<\/span><\/p>\n<p><span style=\"color: #333333;\">Mit langj\u00e4hriger Erfahrung im Fliesenhandel bietet Rudolph Richter in Essen eine sorgf\u00e4ltig zusammengestellte Produktpalette aus Keramik- und Feinsteinzeug-Fliesen. Unsere helle Ausstellung pr\u00e4sentiert aktuelle Trends, zeitlose Klassiker und innovative Designs f\u00fcr Badezimmer, K\u00fcche, Wohnr\u00e4ume sowie Au\u00dfenbereiche. Wer baut oder renoviert, achtet bei Fliesen neben Qualit\u00e4t und Design auch auf ein gutes Preis-Leistungs-Verh\u00e4ltnis. In unserem Showroom in Essen finden Bauherren und Renovierer nicht nur hochwertige Markenfliesen aus Italien und Spanien, sondern auch eine gro\u00dfe Auswahl an g\u00fcnstigen Fliesen zu attraktiven Preisen.<\/span><\/p>\n<p>[\/et_pb_text][\/et_pb_column][\/et_pb_row][et_pb_row column_structure=&#8220;1_3,1_3,1_3&#8243; _builder_version=&#8220;4.16&#8243; background_size=&#8220;initial&#8220; background_position=&#8220;top_left&#8220; background_repeat=&#8220;repeat&#8220; global_colors_info=&#8220;{}&#8220;][et_pb_column type=&#8220;1_3&#8243; _builder_version=&#8220;4.16&#8243; custom_padding=&#8220;|||&#8220; global_colors_info=&#8220;{}&#8220; custom_padding__hover=&#8220;|||&#8220;][et_pb_image src=&#8220;https:\/\/rudolph-richter.de\/fliesenhandel\/wp-content\/uploads\/2014\/10\/fliesen_essen_fachhandel.jpg&#8220; align_tablet=&#8220;center&#8220; align_phone=&#8220;&#8220; align_last_edited=&#8220;on|desktop&#8220; admin_label=&#8220;Image&#8220; _builder_version=&#8220;4.16&#8243; animation_style=&#8220;slide&#8220; animation_direction=&#8220;left&#8220; animation_duration=&#8220;500ms&#8220; animation_intensity_slide=&#8220;10%&#8220; animation=&#8220;left&#8220; sticky=&#8220;off&#8220; global_colors_info=&#8220;{}&#8220;][\/et_pb_image][\/et_pb_column][et_pb_column type=&#8220;1_3&#8243; _builder_version=&#8220;4.16&#8243; custom_padding=&#8220;|||&#8220; global_colors_info=&#8220;{}&#8220; custom_padding__hover=&#8220;|||&#8220;][et_pb_image src=&#8220;https:\/\/rudolph-richter.de\/fliesenhandel\/wp-content\/uploads\/2014\/10\/fliesen_ersatzfliesen_essen.jpg&#8220; align_tablet=&#8220;center&#8220; align_phone=&#8220;&#8220; align_last_edited=&#8220;on|desktop&#8220; admin_label=&#8220;Image&#8220; _builder_version=&#8220;4.16&#8243; animation_style=&#8220;slide&#8220; animation_direction=&#8220;left&#8220; animation_duration=&#8220;500ms&#8220; animation_intensity_slide=&#8220;10%&#8220; animation=&#8220;left&#8220; sticky=&#8220;off&#8220; global_colors_info=&#8220;{}&#8220;][\/et_pb_image][et_pb_text admin_label=&#8220;Text&#8220; _builder_version=&#8220;4.27.4&#8243; background_size=&#8220;initial&#8220; background_position=&#8220;top_left&#8220; background_repeat=&#8220;repeat&#8220; background_layout=&#8220;dark&#8220; global_colors_info=&#8220;{}&#8220;]<\/p>\n<p><span style=\"color: #333333;\">Unsere Ausstellung wird st\u00e4ndig erneuert &#8211; wir besuchen laufend weltweit internationale Messen und stellen die besten, au\u00dfergew\u00f6hnlichsten und stilvollsten Keramiken f\u00fcr jeden Geschmack in unseren R\u00e4umlichkeiten aus.<\/span><\/p>\n<p>[\/et_pb_text][\/et_pb_column][et_pb_column type=&#8220;1_3&#8243; _builder_version=&#8220;4.16&#8243; custom_padding=&#8220;|||&#8220; global_colors_info=&#8220;{}&#8220; custom_padding__hover=&#8220;|||&#8220;][et_pb_image src=&#8220;https:\/\/rudolph-richter.de\/fliesenhandel\/wp-content\/uploads\/2014\/10\/fliesen_modern_essen.jpg&#8220; align_tablet=&#8220;center&#8220; align_phone=&#8220;&#8220; align_last_edited=&#8220;on|desktop&#8220; admin_label=&#8220;Image&#8220; _builder_version=&#8220;4.16&#8243; animation_style=&#8220;slide&#8220; animation_direction=&#8220;left&#8220; animation_duration=&#8220;500ms&#8220; animation_intensity_slide=&#8220;10%&#8220; animation=&#8220;left&#8220; sticky=&#8220;off&#8220; global_colors_info=&#8220;{}&#8220;][\/et_pb_image][\/et_pb_column][\/et_pb_row][\/et_pb_section]<\/p>\n","protected":false},"excerpt":{"rendered":"<p>Rudolph Richter Fliesenhandel in Essen im Ruhrgebiet Rudolph Richter Fliesenhandel in Essen ist Ihre erste Adresse f\u00fcr aktuelle Fliesen im Ruhrgebiet. Ob f\u00fcr Neubau, Renovierung oder Modernisierung \u2013 bei uns finden private Bauherren, Handwerksbetriebe und Architekten eine gro\u00dfe Auswahl an modernen Wand- und Bodenfliesen f\u00fcr jeden Wohnstil. Wir befinden uns in der Alten Bottroper Stra\u00dfe [&hellip;]<\/p>\n","protected":false},"author":1,"featured_media":0,"parent":49,"menu_order":0,"comment_status":"open","ping_status":"open","template":"","meta":{"_et_pb_use_builder":"on","_et_pb_old_content":"","_et_gb_content_width":"","footnotes":""},"class_list":["post-221","page","type-page","status-publish","hentry"],"_links":{"self":[{"href":"https:\/\/rudolph-richter.de\/fliesenhandel\/wp-json\/wp\/v2\/pages\/221","targetHints":{"allow":["GET"]}}],"collection":[{"href":"https:\/\/rudolph-richter.de\/fliesenhandel\/wp-json\/wp\/v2\/pages"}],"about":[{"href":"https:\/\/rudolph-richter.de\/fliesenhandel\/wp-json\/wp\/v2\/types\/page"}],"author":[{"embeddable":true,"href":"https:\/\/rudolph-richter.de\/fliesenhandel\/wp-json\/wp\/v2\/users\/1"}],"replies":[{"embeddable":true,"href":"https:\/\/rudolph-richter.de\/fliesenhandel\/wp-json\/wp\/v2\/comments?post=221"}],"version-history":[{"count":12,"href":"https:\/\/rudolph-richter.de\/fliesenhandel\/wp-json\/wp\/v2\/pages\/221\/revisions"}],"predecessor-version":[{"id":7037,"href":"https:\/\/rudolph-richter.de\/fliesenhandel\/wp-json\/wp\/v2\/pages\/221\/revisions\/7037"}],"up":[{"embeddable":true,"href":"https:\/\/rudolph-richter.de\/fliesenhandel\/wp-json\/wp\/v2\/pages\/49"}],"wp:attachment":[{"href":"https:\/\/rudolph-richter.de\/fliesenhandel\/wp-json\/wp\/v2\/media?parent=221"}],"curies":[{"name":"wp","href":"https:\/\/api.w.org\/{rel}","templated":true}]}}