{"id":49,"date":"2014-04-25T16:10:48","date_gmt":"2014-04-25T16:10:48","guid":{"rendered":"https:\/\/rudolph-richter.de\/fliesenhandel\/?page_id=49"},"modified":"2025-08-31T12:28:22","modified_gmt":"2025-08-31T12:28:22","slug":"standort-essen","status":"publish","type":"page","link":"https:\/\/rudolph-richter.de\/fliesenhandel\/standort-essen\/","title":{"rendered":"Standort Essen"},"content":{"rendered":"<p>[et_pb_section fb_built=&#8220;1&#8243; admin_label=&#8220;section&#8220; _builder_version=&#8220;4.16&#8243; background_color=&#8220;#000000&#8243; transparent_background=&#8220;off&#8220; global_colors_info=&#8220;{}&#8220;][et_pb_row admin_label=&#8220;row&#8220; _builder_version=&#8220;4.16&#8243; background_size=&#8220;initial&#8220; background_position=&#8220;top_left&#8220; background_repeat=&#8220;repeat&#8220; global_colors_info=&#8220;{}&#8220;][et_pb_column type=&#8220;4_4&#8243; _builder_version=&#8220;4.16&#8243; custom_padding=&#8220;|||&#8220; global_colors_info=&#8220;{}&#8220; custom_padding__hover=&#8220;|||&#8220;][et_pb_image src=&#8220;https:\/\/rudolph-richter.de\/fliesenhandel\/wp-content\/uploads\/2014\/10\/fliesenfachhandel_essen.jpg&#8220; align_tablet=&#8220;center&#8220; align_phone=&#8220;&#8220; align_last_edited=&#8220;on|desktop&#8220; admin_label=&#8220;Image&#8220; _builder_version=&#8220;4.16&#8243; animation_style=&#8220;slide&#8220; animation_direction=&#8220;left&#8220; animation_duration=&#8220;500ms&#8220; animation_intensity_slide=&#8220;10%&#8220; animation=&#8220;left&#8220; sticky=&#8220;off&#8220; global_colors_info=&#8220;{}&#8220;]<\/p>\n<p>\n&nbsp;<\/p>\n<p>[\/et_pb_image][\/et_pb_column][\/et_pb_row][et_pb_row admin_label=&#8220;row&#8220; _builder_version=&#8220;4.16&#8243; background_size=&#8220;initial&#8220; background_position=&#8220;top_left&#8220; background_repeat=&#8220;repeat&#8220; global_colors_info=&#8220;{}&#8220;][et_pb_column type=&#8220;4_4&#8243; _builder_version=&#8220;4.16&#8243; custom_padding=&#8220;|||&#8220; global_colors_info=&#8220;{}&#8220; custom_padding__hover=&#8220;|||&#8220;][et_pb_text _builder_version=&#8220;4.27.4&#8243; background_size=&#8220;initial&#8220; background_position=&#8220;top_left&#8220; background_repeat=&#8220;repeat&#8220; background_layout=&#8220;dark&#8220; z_index_tablet=&#8220;500&#8243; global_colors_info=&#8220;{}&#8220;]<\/p>\n<p>Willkommen im Fliesen-Fachhandel Rudolph Richter in Essen an der Ruhr. Sie k\u00f6nnen unsere Ausstellung am Montag, Dienstag, Donnerstag und Freitag \u00a0von 9.00 Uhr bis 18.00 Uhr sowie am Samstag von 10:00 bis 14:00 Uhr besuchen. Bitte beachten Sie, dass Mittwoch Ruhetag ist. Telefonisch erreichen Sie uns in Essen unter der Rufnummer <strong>0201-81396610<\/strong>. Unsere Berater stehen Ihnen kompetent in allen Fragen zu Fliesen und Keramik f\u00fcr Neubau und Renovierungen\u00a0 zur Verf\u00fcgung. Mit zahlreichen Beispielen von kleinen Mosaiken bis zur gro\u00dfformatigen Bodenfliese finden Sie bei uns die f\u00fchrende Auswahl f\u00fcr Ihren Umbau oder Neubau.<\/p>\n<p>Unser gro\u00dfz\u00fcgig angelegter Au\u00dfenbereich vor unserer Ausstellung, in dem wir viele aktuelle Terrassenfliesen pr\u00e4sentieren, ist auch au\u00dferhalb unserer \u00d6ffnungszeiten zug\u00e4nglich.<\/p>\n<p>[\/et_pb_text][\/et_pb_column][\/et_pb_row][et_pb_row column_structure=&#8220;1_3,1_3,1_3&#8243; admin_label=&#8220;row&#8220; _builder_version=&#8220;4.16&#8243; background_size=&#8220;initial&#8220; background_position=&#8220;top_left&#8220; background_repeat=&#8220;repeat&#8220; global_colors_info=&#8220;{}&#8220;][et_pb_column type=&#8220;1_3&#8243; _builder_version=&#8220;4.16&#8243; custom_padding=&#8220;|||&#8220; global_colors_info=&#8220;{}&#8220; custom_padding__hover=&#8220;|||&#8220;][et_pb_image src=&#8220;https:\/\/rudolph-richter.de\/fliesenhandel\/wp-content\/uploads\/2014\/10\/fliesen_ausstellung_essen.jpg&#8220; align_tablet=&#8220;center&#8220; align_phone=&#8220;&#8220; align_last_edited=&#8220;on|desktop&#8220; admin_label=&#8220;Image&#8220; _builder_version=&#8220;4.16&#8243; animation_style=&#8220;slide&#8220; animation_direction=&#8220;left&#8220; animation_duration=&#8220;500ms&#8220; animation_intensity_slide=&#8220;10%&#8220; animation=&#8220;left&#8220; sticky=&#8220;off&#8220; global_colors_info=&#8220;{}&#8220;]<\/p>\n<p>\n&nbsp;<\/p>\n<p>[\/et_pb_image][\/et_pb_column][et_pb_column type=&#8220;1_3&#8243; _builder_version=&#8220;4.16&#8243; custom_padding=&#8220;|||&#8220; global_colors_info=&#8220;{}&#8220; custom_padding__hover=&#8220;|||&#8220;][et_pb_text _builder_version=&#8220;4.27.4&#8243; background_size=&#8220;initial&#8220; background_position=&#8220;top_left&#8220; background_repeat=&#8220;repeat&#8220; background_layout=&#8220;dark&#8220; hover_enabled=&#8220;0&#8243; border_color_all=&#8220;#ffffff&#8220; use_border_color=&#8220;off&#8220; border_color=&#8220;#ffffff&#8220; border_style=&#8220;solid&#8220; global_colors_info=&#8220;{}&#8220; sticky_enabled=&#8220;0&#8243;]<\/p>\n<div class=\"et_pb_text et_pb_bg_layout_dark et_pb_text_align_left\">\n<p>Rudolph Richter GmbH<br \/>Fliesenhandel Essen<\/p>\n<p>Alte Bottroper Str. 43<br \/>45356 Essen\/Ruhr<\/p>\n<p>Telefon : 0201 81396610<\/p>\n<\/div>\n<div class=\"et_pb_text et_pb_bg_layout_dark et_pb_text_align_left\">\n<p>Telefax : 0201 81396612<\/p>\n<p>E-Mail: Rudolph-Richter-Essen@gmx.de<\/p>\n<p>\u00d6ffnungszeiten:<\/p>\n<p>Mo., Di, Do., Fr. 09:00 \u2013 18:00 Uhr<br \/>Samstags 10:00 \u2013 14:00 Uhr<\/p>\n<p>Mittwoch ist Ruhetag<\/p>\n<\/div>\n<div class=\"et_pb_text et_pb_bg_layout_dark et_pb_text_align_left\">\n<p>&nbsp;<\/p>\n<p>&nbsp;<\/p>\n<\/div>\n<p>[\/et_pb_text][\/et_pb_column][et_pb_column type=&#8220;1_3&#8243; _builder_version=&#8220;4.16&#8243; custom_padding=&#8220;|||&#8220; global_colors_info=&#8220;{}&#8220; custom_padding__hover=&#8220;|||&#8220;][et_pb_text _builder_version=&#8220;4.16&#8243; background_size=&#8220;initial&#8220; background_position=&#8220;top_left&#8220; background_repeat=&#8220;repeat&#8220; background_layout=&#8220;dark&#8220; global_colors_info=&#8220;{}&#8220;]<\/p>\n<div class=\"et_pb_text et_pb_bg_layout_dark et_pb_text_align_left\">\n<ul>\n<li>Bodenfliesen<\/li>\n<li>Wandfliesen<\/li>\n<li>Fliesen f\u00fcr K\u00fcche und Bad<\/li>\n<li>Balkonfliesen<\/li>\n<li>Feinsteinzeug<\/li>\n<li>Outdoor-Fliesen f\u00fcr Terrasse und Garten<\/li>\n<li>Mosaik<\/li>\n<\/ul>\n<\/div>\n<p>[\/et_pb_text][\/et_pb_column][\/et_pb_row][\/et_pb_section]<\/p>\n","protected":false},"excerpt":{"rendered":"<p>&nbsp; Willkommen im Fliesen-Fachhandel Rudolph Richter in Essen an der Ruhr. Sie k\u00f6nnen unsere Ausstellung am Montag, Dienstag, Donnerstag und Freitag \u00a0von 9.00 Uhr bis 18.00 Uhr sowie am Samstag von 10:00 bis 14:00 Uhr besuchen. Bitte beachten Sie, dass Mittwoch Ruhetag ist. Telefonisch erreichen Sie uns in Essen unter der Rufnummer 0201-81396610. Unsere Berater [&hellip;]<\/p>\n","protected":false},"author":1,"featured_media":0,"parent":0,"menu_order":0,"comment_status":"open","ping_status":"open","template":"","meta":{"_et_pb_use_builder":"on","_et_pb_old_content":"<p>Unser Standort Essen<\/p><p>Die Firma Rudolph Richter GmbH Fliesenhandel ist in der Baarstr. 130 in 58636 Iserlohn und in der Alten Bottroper Str. 43 in 45356 Essen\/Ruhr.<\/p><p>\u00a0<\/p>","_et_gb_content_width":"","footnotes":""},"class_list":["post-49","page","type-page","status-publish","hentry"],"_links":{"self":[{"href":"https:\/\/rudolph-richter.de\/fliesenhandel\/wp-json\/wp\/v2\/pages\/49","targetHints":{"allow":["GET"]}}],"collection":[{"href":"https:\/\/rudolph-richter.de\/fliesenhandel\/wp-json\/wp\/v2\/pages"}],"about":[{"href":"https:\/\/rudolph-richter.de\/fliesenhandel\/wp-json\/wp\/v2\/types\/page"}],"author":[{"embeddable":true,"href":"https:\/\/rudolph-richter.de\/fliesenhandel\/wp-json\/wp\/v2\/users\/1"}],"replies":[{"embeddable":true,"href":"https:\/\/rudolph-richter.de\/fliesenhandel\/wp-json\/wp\/v2\/comments?post=49"}],"version-history":[{"count":26,"href":"https:\/\/rudolph-richter.de\/fliesenhandel\/wp-json\/wp\/v2\/pages\/49\/revisions"}],"predecessor-version":[{"id":7026,"href":"https:\/\/rudolph-richter.de\/fliesenhandel\/wp-json\/wp\/v2\/pages\/49\/revisions\/7026"}],"wp:attachment":[{"href":"https:\/\/rudolph-richter.de\/fliesenhandel\/wp-json\/wp\/v2\/media?parent=49"}],"curies":[{"name":"wp","href":"https:\/\/api.w.org\/{rel}","templated":true}]}}