{"id":6971,"date":"2026-02-21T19:45:24","date_gmt":"2026-02-21T19:45:24","guid":{"rendered":"https:\/\/rudolph-richter.de\/fliesenhandel\/?page_id=6971"},"modified":"2026-03-29T22:13:04","modified_gmt":"2026-03-29T22:13:04","slug":"ausstellung-delmenhorst","status":"publish","type":"page","link":"https:\/\/rudolph-richter.de\/fliesenhandel\/ausstellung-delmenhorst\/","title":{"rendered":"Ausstellung Delmenhorst"},"content":{"rendered":"<p>[et_pb_section fb_built=&#8220;1&#8243; _builder_version=&#8220;4.27.4&#8243; _module_preset=&#8220;default&#8220; background_color=&#8220;#FFFFFF&#8220; global_colors_info=&#8220;{}&#8220;][et_pb_row _builder_version=&#8220;4.27.4&#8243; _module_preset=&#8220;default&#8220; global_colors_info=&#8220;{}&#8220;][et_pb_column type=&#8220;4_4&#8243; _builder_version=&#8220;4.27.4&#8243; _module_preset=&#8220;default&#8220; global_colors_info=&#8220;{}&#8220;][et_pb_text admin_label=&#8220;Einleitung&#8220; _builder_version=&#8220;4.27.4&#8243; _module_preset=&#8220;default&#8220; text_font=&#8220;Arial||||||||&#8220; header_font=&#8220;Arial|600|||||||&#8220; background_color=&#8220;#FFFFFF&#8220; global_colors_info=&#8220;{}&#8220;]<\/p>\n<h1><span style=\"color: #333333;\">Rudolph Richter Fliesenhandel in Delmenhorst<\/span><\/h1>\n<p><span style=\"color: #333333;\">Willkommen beim Rudolph Richter Fliesenhandel in Delmenhorst!<\/span><\/p>\n<p><span style=\"color: #333333;\">Unsere neueste und gr\u00f6\u00dfte Fliesenausstellung befindet sich \u00a0&#8211; verkehrsg\u00fcnstig gelegen &#8211; im Reinersweg 10, in dem Gewerbegebiet Stickgras\/Annenriede, das sich in der N\u00e4he von der Autobahn 28 \u00a0(Bremen-Oldenburg) und der Bundesstra\u00dfe 75 befindet.<\/span><\/p>\n<p>[\/et_pb_text][\/et_pb_column][\/et_pb_row][et_pb_row column_structure=&#8220;1_2,1_2&#8243; _builder_version=&#8220;4.27.4&#8243; _module_preset=&#8220;default&#8220; global_colors_info=&#8220;{}&#8220;][et_pb_column type=&#8220;1_2&#8243; _builder_version=&#8220;4.27.4&#8243; _module_preset=&#8220;default&#8220; global_colors_info=&#8220;{}&#8220;][et_pb_image src=&#8220;https:\/\/rudolph-richter.de\/fliesenhandel\/wp-content\/uploads\/2026\/03\/website-delmenhorst-drohne.jpg&#8220; alt=&#8220;Rudolph Richter Fliesenhandel in Delmenhorst&#8220; title_text=&#8220;Rudolph Richter Fliesenhandel in Delmenhorst&#8220; admin_label=&#8220;Delmenhorst-Drohne&#8220; _builder_version=&#8220;4.27.4&#8243; _module_preset=&#8220;default&#8220; background_color=&#8220;#FFFFFF&#8220; global_colors_info=&#8220;{}&#8220;][\/et_pb_image][\/et_pb_column][et_pb_column type=&#8220;1_2&#8243; _builder_version=&#8220;4.27.4&#8243; _module_preset=&#8220;default&#8220; global_colors_info=&#8220;{}&#8220;][et_pb_image src=&#8220;https:\/\/rudolph-richter.de\/fliesenhandel\/wp-content\/uploads\/2026\/03\/website-delmenhorst-gesamt.jpg&#8220; alt=&#8220;Rudolph Richter Fliesenhandel in Delmenhorst&#8220; admin_label=&#8220;Delmenhorst-gesamt&#8220; _builder_version=&#8220;4.27.4&#8243; _module_preset=&#8220;default&#8220; background_color=&#8220;#FFFFFF&#8220; global_colors_info=&#8220;{}&#8220;][\/et_pb_image][\/et_pb_column][\/et_pb_row][et_pb_row _builder_version=&#8220;4.27.4&#8243; _module_preset=&#8220;default&#8220; global_colors_info=&#8220;{}&#8220;][et_pb_column type=&#8220;4_4&#8243; _builder_version=&#8220;4.27.4&#8243; _module_preset=&#8220;default&#8220; global_colors_info=&#8220;{}&#8220;][et_pb_text admin_label=&#8220;Main&#8220; _builder_version=&#8220;4.27.4&#8243; _module_preset=&#8220;default&#8220; text_font=&#8220;Arial||||||||&#8220; header_font=&#8220;Arial|600|||||||&#8220; background_color=&#8220;#FFFFFF&#8220; global_colors_info=&#8220;{}&#8220;]<\/p>\n<p>Auf ca. 800qm erwarten Sie u.a. moderne Betonoptik-Fliesen, realistische Naturstein-Nachahmungen, gem\u00fctliche Holzfliesen aus Keramik, elegante Marmor-Interpretationen aus Feinsteinzeug. Unser Sortiment reicht von den eindrucksvollen XXL-Fliesen im Gro\u00dfformat f\u00fcr die fast fugenlose Fl\u00e4che bis zu zeitlosen Mosaikfliesen f\u00fcr die Akzentwand. Neben den neusten keramischen Fliesentrends und bew\u00e4hrten Markenfliesen aus Italien und Spanien bieten wir in unserem hellen und modernen Fliesen-Showroom ebenfalls Fliesen zu Aktionspreisen an. \u00a0Lassen Sie sich von unseren Mustern und unserer gro\u00dfen Auswahl von Boden- und Wandfliesen inspirieren und erleben Sie Materialien, Oberfl\u00e4chen und Farben live vor Ort. \u00a0Selbstverst\u00e4ndlich helfen Ihnen unsere erfahrenen Kollegen in Delmenhorst gerne bei der Auswahl Ihrer Traumfliesen f\u00fcr Ihr Bauprojekt. Nat\u00fcrlich finden Sie auch das passende Zubeh\u00f6r f\u00fcr die Fliesenverlegung und Pflege in unserem Sortiment.<\/p>\n<p>[\/et_pb_text][\/et_pb_column][\/et_pb_row][et_pb_row column_structure=&#8220;1_3,1_3,1_3&#8243; _builder_version=&#8220;4.27.4&#8243; _module_preset=&#8220;default&#8220; global_colors_info=&#8220;{}&#8220;][et_pb_column type=&#8220;1_3&#8243; _builder_version=&#8220;4.27.4&#8243; _module_preset=&#8220;default&#8220; global_colors_info=&#8220;{}&#8220;][et_pb_image src=&#8220;https:\/\/rudolph-richter.de\/fliesenhandel\/wp-content\/uploads\/2026\/03\/website-delmenhorst-schrankanlage-vorne.jpg&#8220; alt=&#8220;Innenansicht von unserer Fliesenausstellung in Delmenhorst. Blick auf die Wandfliesen, im Vordergrund Marmoroptik Fliesen im Format 60x120cm&#8220; admin_label=&#8220;60&#215;120&#8243; _builder_version=&#8220;4.27.4&#8243; _module_preset=&#8220;default&#8220; background_color=&#8220;#FFFFFF&#8220; global_colors_info=&#8220;{}&#8220;][\/et_pb_image][\/et_pb_column][et_pb_column type=&#8220;1_3&#8243; _builder_version=&#8220;4.27.4&#8243; _module_preset=&#8220;default&#8220; global_colors_info=&#8220;{}&#8220;][et_pb_image src=&#8220;https:\/\/rudolph-richter.de\/fliesenhandel\/wp-content\/uploads\/2026\/03\/website-delmenhorst-sensiterre.jpg&#8220; alt=&#8220;Fliesen f\u00fcr die Verlegung im Schachbrettmuster&#8220; admin_label=&#8220;Sensiterre&#8220; _builder_version=&#8220;4.27.4&#8243; _module_preset=&#8220;default&#8220; background_color=&#8220;#FFFFFF&#8220; global_colors_info=&#8220;{}&#8220;][\/et_pb_image][\/et_pb_column][et_pb_column type=&#8220;1_3&#8243; _builder_version=&#8220;4.27.4&#8243; _module_preset=&#8220;default&#8220; global_colors_info=&#8220;{}&#8220;][et_pb_image src=&#8220;https:\/\/rudolph-richter.de\/fliesenhandel\/wp-content\/uploads\/2026\/03\/website-delmenhorst-akustikpaneel.jpg&#8220; alt=&#8220;Wandfliesen in Paneeloptik&#8220; admin_label=&#8220;Paneele&#8220; _builder_version=&#8220;4.27.4&#8243; _module_preset=&#8220;default&#8220; background_color=&#8220;#FFFFFF&#8220; global_colors_info=&#8220;{}&#8220;][\/et_pb_image][\/et_pb_column][\/et_pb_row][et_pb_row column_structure=&#8220;1_4,1_4,1_4,1_4&#8243; _builder_version=&#8220;4.27.4&#8243; _module_preset=&#8220;default&#8220; global_colors_info=&#8220;{}&#8220;][et_pb_column type=&#8220;1_4&#8243; _builder_version=&#8220;4.27.4&#8243; _module_preset=&#8220;default&#8220; global_colors_info=&#8220;{}&#8220;][et_pb_image src=&#8220;https:\/\/rudolph-richter.de\/fliesenhandel\/wp-content\/uploads\/2026\/03\/website-delmenhorst-schaufenster.jpg&#8220; alt=&#8220;Im Schaufenster zeigen wir einige Anwendungen mit Wandfliesen und Bodenfliesen&#8220; admin_label=&#8220;Schaufenster&#8220; _builder_version=&#8220;4.27.4&#8243; _module_preset=&#8220;default&#8220; background_color=&#8220;#FFFFFF&#8220; global_colors_info=&#8220;{}&#8220;][\/et_pb_image][\/et_pb_column][et_pb_column type=&#8220;1_4&#8243; _builder_version=&#8220;4.27.4&#8243; _module_preset=&#8220;default&#8220; global_colors_info=&#8220;{}&#8220;][et_pb_image src=&#8220;https:\/\/rudolph-richter.de\/fliesenhandel\/wp-content\/uploads\/2026\/03\/website-delmenhorst-120x120cm.jpg&#8220; alt=&#8220;In unserer Fliesenausstellung finden Sie eine gro\u00dfe Auswahl an Bodenfliesen im Format 120x120cm&#8220; admin_label=&#8220;120x120cm&#8220; _builder_version=&#8220;4.27.4&#8243; _module_preset=&#8220;default&#8220; background_color=&#8220;#FFFFFF&#8220; global_colors_info=&#8220;{}&#8220;][\/et_pb_image][\/et_pb_column][et_pb_column type=&#8220;1_4&#8243; _builder_version=&#8220;4.27.4&#8243; _module_preset=&#8220;default&#8220; global_colors_info=&#8220;{}&#8220;][et_pb_image src=&#8220;https:\/\/rudolph-richter.de\/fliesenhandel\/wp-content\/uploads\/2026\/03\/website-delmenhorst-vorne1.jpg&#8220; alt=&#8220;Innenaufnahme von unserer Fliesenausstellung in Delmenhorst.&#8220; admin_label=&#8220;Innenansicht&#8220; _builder_version=&#8220;4.27.4&#8243; _module_preset=&#8220;default&#8220; background_color=&#8220;#FFFFFF&#8220; global_colors_info=&#8220;{}&#8220;][\/et_pb_image][\/et_pb_column][et_pb_column type=&#8220;1_4&#8243; _builder_version=&#8220;4.27.4&#8243; _module_preset=&#8220;default&#8220; global_colors_info=&#8220;{}&#8220;][et_pb_image src=&#8220;https:\/\/rudolph-richter.de\/fliesenhandel\/wp-content\/uploads\/2026\/03\/website-delmenhorst-eingang.jpg&#8220; alt=&#8220;Rudolph Richter Fliesenhandel in Delmenhorst. Neue Vintage-Fliesen im Eingangsbereich&#8220; admin_label=&#8220;Eingang&#8220; _builder_version=&#8220;4.27.4&#8243; _module_preset=&#8220;default&#8220; background_color=&#8220;#FFFFFF&#8220; global_colors_info=&#8220;{}&#8220;][\/et_pb_image][\/et_pb_column][\/et_pb_row][et_pb_row column_structure=&#8220;1_3,1_3,1_3&#8243; _builder_version=&#8220;4.27.4&#8243; _module_preset=&#8220;default&#8220; global_colors_info=&#8220;{}&#8220;][et_pb_column type=&#8220;1_3&#8243; _builder_version=&#8220;4.27.4&#8243; _module_preset=&#8220;default&#8220; global_colors_info=&#8220;{}&#8220;][et_pb_text admin_label=&#8220;Text Outdoor&#8220; _builder_version=&#8220;4.27.4&#8243; _module_preset=&#8220;default&#8220; text_font=&#8220;Arial||||||||&#8220; header_font=&#8220;Arial|600|||||||&#8220; background_color=&#8220;#FFFFFF&#8220; global_colors_info=&#8220;{}&#8220;]<\/p>\n<p>&nbsp;<\/p>\n<p>Im Au\u00dfenbereich finden Sie nicht nur gen\u00fcgend Parkpl\u00e4tze sondern auch eine gro\u00dfe Auswahl an Outdoor-Fliesen f\u00fcr Ihre Terrasse und Ihren Balkon.<\/p>\n<p>[\/et_pb_text][\/et_pb_column][et_pb_column type=&#8220;1_3&#8243; _builder_version=&#8220;4.27.4&#8243; _module_preset=&#8220;default&#8220; global_colors_info=&#8220;{}&#8220;][et_pb_image src=&#8220;https:\/\/rudolph-richter.de\/fliesenhandel\/wp-content\/uploads\/2026\/03\/website-delmenhorst-outdoorfliesen.jpg&#8220; alt=&#8220;Outdoorfliesen f\u00fcr die Terrasse und dem Balkon&#8220; admin_label=&#8220;Terrassenfliesen&#8220; _builder_version=&#8220;4.27.4&#8243; _module_preset=&#8220;default&#8220; background_color=&#8220;#FFFFFF&#8220; global_colors_info=&#8220;{}&#8220;][\/et_pb_image][\/et_pb_column][et_pb_column type=&#8220;1_3&#8243; _builder_version=&#8220;4.27.4&#8243; _module_preset=&#8220;default&#8220; global_colors_info=&#8220;{}&#8220;][et_pb_image src=&#8220;https:\/\/rudolph-richter.de\/fliesenhandel\/wp-content\/uploads\/2026\/03\/website-delmenhorst-outdoor2.jpg&#8220; alt=&#8220;Terrassenplatten und Balkonfliesen in 2cm St\u00e4rke vor unserer Fliesenausstellung in Delmenhorst&#8220; admin_label=&#8220;Terrassenfliesen2&#8243; _builder_version=&#8220;4.27.4&#8243; _module_preset=&#8220;default&#8220; background_color=&#8220;#FFFFFF&#8220; global_colors_info=&#8220;{}&#8220;][\/et_pb_image][\/et_pb_column][\/et_pb_row][et_pb_row column_structure=&#8220;1_2,1_2&#8243; _builder_version=&#8220;4.27.4&#8243; _module_preset=&#8220;default&#8220; global_colors_info=&#8220;{}&#8220;][et_pb_column type=&#8220;1_2&#8243; _builder_version=&#8220;4.27.4&#8243; _module_preset=&#8220;default&#8220; global_colors_info=&#8220;{}&#8220;][et_pb_text admin_label=&#8220;\u00d6ffnungszeiten&#8220; _builder_version=&#8220;4.27.4&#8243; _module_preset=&#8220;default&#8220; text_font=&#8220;Arial||||||||&#8220; header_font=&#8220;Arial|600|||||||&#8220; background_color=&#8220;#FFFFFF&#8220; hover_enabled=&#8220;0&#8243; global_colors_info=&#8220;{}&#8220; sticky_enabled=&#8220;0&#8243;]<\/p>\n<h2>\u00a0<\/h2>\n<h2>Unsere \u00d6ffnungszeiten in Delmenhorst<\/h2>\n<p>Montag \u00a0 \u00a0 \u00a0 \u00a0 : 8.00 &#8211; 18.00 Uhr<\/p>\n<p>Dienstag \u00a0 \u00a0 \u00a0: 8.00 &#8211; 18.00 Uhr<\/p>\n<p>Mittwoch \u00a0 \u00a0 \u00a0: 12.30 &#8211; 18.00 Uhr<\/p>\n<p>Donnerstag : 8.00 -18.00 Uhr<\/p>\n<p>Freitag \u00a0 \u00a0 \u00a0 \u00a0: Ruhetag<\/p>\n<p>Samstag \u00a0 \u00a0 : 10.00 &#8211; 14.00 Uhr<\/p>\n<p>Sonntag \u00a0 \u00a0 : geschlossen<\/p>\n<p><strong><span style=\"color: #ff0000;\">OSTERFERIEN 2026<\/span><\/strong>: Bitte beachten Sie, dass unsere Filiale Delmenhorst in den Osterferien vom <strong>30.M\u00e4rz 2026<\/strong> bis zum<strong> 07.April 2026<\/strong> geschlossen ist.<\/p>\n<p>&nbsp;<\/p>\n<h2>Hinweis<\/h2>\n<p>Unsere Ausstellung ist komplett ebenerdig und damit barrierefrei.<\/p>\n<p>[\/et_pb_text][\/et_pb_column][et_pb_column type=&#8220;1_2&#8243; _builder_version=&#8220;4.27.4&#8243; _module_preset=&#8220;default&#8220; global_colors_info=&#8220;{}&#8220;][et_pb_image src=&#8220;https:\/\/rudolph-richter.de\/fliesenhandel\/wp-content\/uploads\/2026\/03\/website-delmenhorst-aussen-seite.jpg&#8220; alt=&#8220;Au\u00dfenansicht von unserer Fliesenausstellung in Delmenhorst&#8220; admin_label=&#8220;Seitenansicht&#8220; _builder_version=&#8220;4.27.4&#8243; _module_preset=&#8220;default&#8220; background_color=&#8220;#FFFFFF&#8220; global_colors_info=&#8220;{}&#8220;][\/et_pb_image][\/et_pb_column][\/et_pb_row][et_pb_row column_structure=&#8220;1_2,1_2&#8243; _builder_version=&#8220;4.27.4&#8243; _module_preset=&#8220;default&#8220; global_colors_info=&#8220;{}&#8220;][et_pb_column type=&#8220;1_2&#8243; _builder_version=&#8220;4.27.4&#8243; _module_preset=&#8220;default&#8220; global_colors_info=&#8220;{}&#8220;][et_pb_image src=&#8220;https:\/\/rudolph-richter.de\/fliesenhandel\/wp-content\/uploads\/2026\/03\/website-delmenhorst-briefkasten-bremen.jpg&#8220; alt=&#8220;Der bekannte Briefkasten in der B\u00f6ttcherstra\u00dfe in Bremen&#8220; admin_label=&#8220;Briefkasten&#8220; _builder_version=&#8220;4.27.4&#8243; _module_preset=&#8220;default&#8220; background_color=&#8220;#FFFFFF&#8220; global_colors_info=&#8220;{}&#8220;][\/et_pb_image][\/et_pb_column][et_pb_column type=&#8220;1_2&#8243; _builder_version=&#8220;4.27.4&#8243; _module_preset=&#8220;default&#8220; global_colors_info=&#8220;{}&#8220;][et_pb_text admin_label=&#8220;Kontakt&#8220; _builder_version=&#8220;4.27.4&#8243; _module_preset=&#8220;default&#8220; text_font=&#8220;Arial||||||||&#8220; header_font=&#8220;Arial|600|||||||&#8220; background_color=&#8220;#FFFFFF&#8220; hover_enabled=&#8220;0&#8243; global_colors_info=&#8220;{}&#8220; sticky_enabled=&#8220;0&#8243;]<\/p>\n<h2>\u00a0<\/h2>\n<h2>\u00a0<\/h2>\n<h2>\u00a0<\/h2>\n<h2>Kontakt<\/h2>\n<p>Rudolph Richter GmbH Fliesenhandel<\/p>\n<p>Reinersweg 10<\/p>\n<p>27751 Delmenhorst<\/p>\n<p>GPS: 53.03925956956562, 8.67591466226985<\/p>\n<p>Telefon: 04221-9833368<\/p>\n<p>Email: rudolph-richter-del@gmx.de<\/p>\n<p>&nbsp;<\/p>\n<p>[\/et_pb_text][\/et_pb_column][\/et_pb_row][\/et_pb_section][et_pb_section fb_built=&#8220;1&#8243; _builder_version=&#8220;4.27.4&#8243; _module_preset=&#8220;default&#8220; global_colors_info=&#8220;{}&#8220;][\/et_pb_section]<\/p>\n","protected":false},"excerpt":{"rendered":"<p>Rudolph Richter Fliesenhandel in Delmenhorst Willkommen beim Rudolph Richter Fliesenhandel in Delmenhorst! Unsere neueste und gr\u00f6\u00dfte Fliesenausstellung befindet sich \u00a0&#8211; verkehrsg\u00fcnstig gelegen &#8211; im Reinersweg 10, in dem Gewerbegebiet Stickgras\/Annenriede, das sich in der N\u00e4he von der Autobahn 28 \u00a0(Bremen-Oldenburg) und der Bundesstra\u00dfe 75 befindet.Auf ca. 800qm erwarten Sie u.a. moderne Betonoptik-Fliesen, realistische Naturstein-Nachahmungen, gem\u00fctliche [&hellip;]<\/p>\n","protected":false},"author":1,"featured_media":0,"parent":0,"menu_order":0,"comment_status":"closed","ping_status":"closed","template":"","meta":{"_et_pb_use_builder":"on","_et_pb_old_content":"","_et_gb_content_width":"","footnotes":""},"class_list":["post-6971","page","type-page","status-publish","hentry"],"_links":{"self":[{"href":"https:\/\/rudolph-richter.de\/fliesenhandel\/wp-json\/wp\/v2\/pages\/6971","targetHints":{"allow":["GET"]}}],"collection":[{"href":"https:\/\/rudolph-richter.de\/fliesenhandel\/wp-json\/wp\/v2\/pages"}],"about":[{"href":"https:\/\/rudolph-richter.de\/fliesenhandel\/wp-json\/wp\/v2\/types\/page"}],"author":[{"embeddable":true,"href":"https:\/\/rudolph-richter.de\/fliesenhandel\/wp-json\/wp\/v2\/users\/1"}],"replies":[{"embeddable":true,"href":"https:\/\/rudolph-richter.de\/fliesenhandel\/wp-json\/wp\/v2\/comments?post=6971"}],"version-history":[{"count":13,"href":"https:\/\/rudolph-richter.de\/fliesenhandel\/wp-json\/wp\/v2\/pages\/6971\/revisions"}],"predecessor-version":[{"id":7070,"href":"https:\/\/rudolph-richter.de\/fliesenhandel\/wp-json\/wp\/v2\/pages\/6971\/revisions\/7070"}],"wp:attachment":[{"href":"https:\/\/rudolph-richter.de\/fliesenhandel\/wp-json\/wp\/v2\/media?parent=6971"}],"curies":[{"name":"wp","href":"https:\/\/api.w.org\/{rel}","templated":true}]}}